{"id":87,"date":"2020-07-20T15:16:37","date_gmt":"2020-07-20T14:16:37","guid":{"rendered":"https:\/\/sportclubmanager.it\/?page_id=87"},"modified":"2021-05-19T17:14:57","modified_gmt":"2021-05-19T16:14:57","slug":"listino-prezzi","status":"publish","type":"page","link":"https:\/\/sportclubmanager.it\/index.php\/listino-prezzi\/","title":{"rendered":"Listino prezzi"},"content":{"rendered":"<h2>Listino prezzi di Sport Club Manager<\/h2>\n<p><b>Sport Club Manager<\/b>\u00a0\u00e8 un software rilasciato con licenza annuale e un costo una tantum di attivazione, che prevede un servizio di Startup ad-hoc.<\/p>\n<p>\u00a0<\/p>\n<h2>Il primo anno la licenza \u00e8 gratuita!<\/h2>\n<p>Per venire incontro alle ASD che a causa del COVID sono state costrette ad interrompere la propria attivit\u00e0 sportiva ed agonistica, Sport Club Manager sar\u00e0 utilizzabile gratuitamente per il primo anno: l&#8217;unico costo da sostenere sar\u00e0 legato allo Startup!<\/p>\n<h2>1. Provare per credere&#8230;<\/h2>\n<p>\t\t\t\t\t\t\t\t\t\t\t\t\t<a href=\"https:\/\/sportclubmanager.it\/index.php\/supporto\/\"><br \/>\n\t\t\t\t\t\t\t<img decoding=\"async\" width=\"1024\" height=\"683\" src=\"https:\/\/sportclubmanager.it\/wp-content\/uploads\/2021\/05\/scm-responsive.jpg\" alt=\"\" loading=\"lazy\" \/>\t\t\t\t\t\t\t\t<\/a><\/p>\n<p>Provare non costa nulla! Prima di decidere se Sport Club Manager fa per voi potete provarlo direttamente sul sito DEMO e valutare ogni singola funzione. Avete a disposizione tutto l&#8217;help in linea dell&#8217;applicazione oppure potete contattare il supporto tecnico supporto@sportclubmanager.it e chiedere ulteriori informazioni.<\/p>\n<p>Vai alla pagina della DEMO ei di supporto:\u00a0<a style=\"font-size: 14px;\" href=\"https:\/\/sportclubmanager.it\/index.php\/supporto\/\">https:\/\/sportclubmanager.it\/index.php\/supporto\/<\/a><\/p>\n<h2>1. Startup \/ Demo \/ Training e personalizzazione<\/h2>\n<p>\t\t\t\t\t\t\t\t\t\t\t\t\t<a href=\"https:\/\/sportclubmanager.it\/index.php\/supporto\/\"><br \/>\n\t\t\t\t\t\t\t<img decoding=\"async\" width=\"1024\" height=\"681\" src=\"https:\/\/sportclubmanager.it\/wp-content\/uploads\/2020\/05\/HomeSlide3-1024x681.png\" alt=\"\" loading=\"lazy\" srcset=\"https:\/\/sportclubmanager.it\/wp-content\/uploads\/2020\/05\/HomeSlide3-1024x681.png 1024w, https:\/\/sportclubmanager.it\/wp-content\/uploads\/2020\/05\/HomeSlide3-300x200.png 300w, https:\/\/sportclubmanager.it\/wp-content\/uploads\/2020\/05\/HomeSlide3-768x511.png 768w, https:\/\/sportclubmanager.it\/wp-content\/uploads\/2020\/05\/HomeSlide3-1536x1022.png 1536w, https:\/\/sportclubmanager.it\/wp-content\/uploads\/2020\/05\/HomeSlide3-570x380.png 570w, https:\/\/sportclubmanager.it\/wp-content\/uploads\/2020\/05\/HomeSlide3-380x254.png 380w, https:\/\/sportclubmanager.it\/wp-content\/uploads\/2020\/05\/HomeSlide3-285x190.png 285w, https:\/\/sportclubmanager.it\/wp-content\/uploads\/2020\/05\/HomeSlide3.png 2000w\" sizes=\"auto, (max-width: 1024px) 100vw, 1024px\" \/>\t\t\t\t\t\t\t\t<\/a><\/p>\n<p>La fase di <b>start-up<\/b> viene fornita con un servizio ad-hoc per ogni ASD: il costo viene valutato di volta in volta in base allo scenario, che pu\u00f2 variare a seconda della complessit\u00e0 dell&#8217;ASD (mono sport o polisportiva) o a seconda dell&#8217;acquisto delle funzionalit\u00e0 contabili.<\/p>\n<p>Al fine di ottemperare alla normativa G.D.P.R. sulla privacy, Sport Club Manager prevede uno spazio database dedicato per ogni ASD, che contiene esclusivamente i dati dell&#8217;ASD.<\/p>\n<p>Anche l&#8217;accesso all&#8217;applicazione \u00e8 dedicato, pertanto ogni ASD potr\u00e0 gestire i propri utenti e i propri accessi all&#8217;area amministrativa in totale autonomia.<\/p>\n<h3>L&#8217;attivit\u00e0 di startup comprende:<\/h3>\n<p>&#8211; creazione Database MS-SQL server dedicato<\/p>\n<p>&#8211; migrazione dei dati dell&#8217;anagrafica (soci, atleti, genitori, allenatori, dirigenti) all&#8217;interno di S.C.M. da qualsiasi fonte dati (Excel, TeamArtist, altri database ecc&#8230;)<\/p>\n<p>&#8211; personalizzazione logo societario, template ricevuta fiscale, personalizzazione messaggistica via e-mail, configurazione corsi \/ iscrizioni<\/p>\n<p>&#8211; Se si acquista la licenza anche della parte &#8220;contabile&#8221; definizione del piano dei conti e migrazione dei saldi.\u00a0<\/p>\n<p>&#8211; Sessione di 2 ore di Training al personale e supporto tecnico allo Startup.<\/p>\n<h3 style=\"font-style: normal;\">Costo massimo:<\/h3>\n<p><b>Il costo massimo previsto per questo servizio \u00e8 di 500 \u20ac<\/b>\t\t<\/p>\n<h2>Licenza Software e servizi annessi<\/h2>\n<p>\t\t\t\t\t\t\t\t\t\t\t\t\t<a href=\"https:\/\/sportclubmanager.it\/index.php\/supporto\/\"><br \/>\n\t\t\t\t\t\t\t<img decoding=\"async\" width=\"1024\" height=\"683\" src=\"https:\/\/sportclubmanager.it\/wp-content\/uploads\/2021\/05\/scm-mobile-1024x683.jpg\" alt=\"\" loading=\"lazy\" srcset=\"https:\/\/sportclubmanager.it\/wp-content\/uploads\/2021\/05\/scm-mobile-1024x683.jpg 1024w, https:\/\/sportclubmanager.it\/wp-content\/uploads\/2021\/05\/scm-mobile-300x200.jpg 300w, https:\/\/sportclubmanager.it\/wp-content\/uploads\/2021\/05\/scm-mobile-768x512.jpg 768w, https:\/\/sportclubmanager.it\/wp-content\/uploads\/2021\/05\/scm-mobile-1536x1024.jpg 1536w, https:\/\/sportclubmanager.it\/wp-content\/uploads\/2021\/05\/scm-mobile-570x380.jpg 570w, https:\/\/sportclubmanager.it\/wp-content\/uploads\/2021\/05\/scm-mobile-380x254.jpg 380w, https:\/\/sportclubmanager.it\/wp-content\/uploads\/2021\/05\/scm-mobile-285x190.jpg 285w, https:\/\/sportclubmanager.it\/wp-content\/uploads\/2021\/05\/scm-mobile.jpg 1920w\" sizes=\"auto, (max-width: 1024px) 100vw, 1024px\" \/>\t\t\t\t\t\t\t\t<\/a><\/p>\n<ul>\n<li>Dopo il primo anno gratuito, per gli anni successivi occorrer\u00e0 pagare un canone annuale anticipato della licenza software, che comprende:<\/li>\n<\/ul>\n<ol style=\"font-family: Roboto, sans-serif; font-size: 14px; font-style: normal; font-weight: 400;\">\n<li style=\"font-size: 14px;\">Erogazione del servizio (24h\/365gg all&#8217;anno)<\/li>\n<li style=\"font-size: 14px;\">Backup dei dati<\/li>\n<li style=\"font-size: 14px;\">Supporto tecnico via FAQ e Help On-line<\/li>\n<li style=\"font-size: 14px;\">3 ticket di supporto tecnico \/ funzionale dedicato (via mail)<\/li>\n<\/ol>\n<p>&nbsp;In base alle funzionalit\u00e0 che si intende utilizzare, il costo annuale \u00e8 cos\u00ec suddiviso:<\/p>\n<p><b>Licenza Sport Club Manager senza funzioni Contabili (limite di iscritti 300): 350 \u20ac<\/b><\/p>\n<p><b>Licenza Sport Club Manager con funzioni Contabili (senza limite di iscritti): 500 \u20ac<\/b><\/p>\n<h2>N.B. tutti i prezzi si intendono IVA inclusa.<\/h2>\n","protected":false},"excerpt":{"rendered":"<p>Listino prezzi di Sport Club Manager Sport Club Manager\u00a0\u00e8 un software rilasciato con licenza annuale e un costo una tantum di attivazione, che prevede un servizio di Startup ad-hoc. \u00a0 Il primo anno la licenza \u00e8 gratuita! Per venire incontro alle ASD che a causa del COVID sono state costrette ad interrompere la propria attivit\u00e0<\/p>\n<p class=\"more-link\"><a href=\"https:\/\/sportclubmanager.it\/index.php\/listino-prezzi\/\" class=\"themebutton\">Read More<\/a><\/p>\n","protected":false},"author":2,"featured_media":0,"parent":0,"menu_order":0,"comment_status":"closed","ping_status":"closed","template":"","meta":{"footnotes":""},"class_list":["post-87","page","type-page","status-publish","hentry"],"_links":{"self":[{"href":"https:\/\/sportclubmanager.it\/index.php\/wp-json\/wp\/v2\/pages\/87","targetHints":{"allow":["GET"]}}],"collection":[{"href":"https:\/\/sportclubmanager.it\/index.php\/wp-json\/wp\/v2\/pages"}],"about":[{"href":"https:\/\/sportclubmanager.it\/index.php\/wp-json\/wp\/v2\/types\/page"}],"author":[{"embeddable":true,"href":"https:\/\/sportclubmanager.it\/index.php\/wp-json\/wp\/v2\/users\/2"}],"replies":[{"embeddable":true,"href":"https:\/\/sportclubmanager.it\/index.php\/wp-json\/wp\/v2\/comments?post=87"}],"version-history":[{"count":10,"href":"https:\/\/sportclubmanager.it\/index.php\/wp-json\/wp\/v2\/pages\/87\/revisions"}],"predecessor-version":[{"id":113,"href":"https:\/\/sportclubmanager.it\/index.php\/wp-json\/wp\/v2\/pages\/87\/revisions\/113"}],"wp:attachment":[{"href":"https:\/\/sportclubmanager.it\/index.php\/wp-json\/wp\/v2\/media?parent=87"}],"curies":[{"name":"wp","href":"https:\/\/api.w.org\/{rel}","templated":true}]}}